{"id":18552,"date":"2025-12-03T16:26:20","date_gmt":"2025-12-03T16:26:20","guid":{"rendered":"http:\/\/localhost\/landing\/home-espanol\/"},"modified":"2026-01-02T14:59:26","modified_gmt":"2026-01-02T14:59:26","slug":"inicio","status":"publish","type":"page","link":"https:\/\/x-tremetourbulencia.com\/landing\/es\/","title":{"rendered":"Inicio"},"content":{"rendered":"\n<div class=\"wp-block-uagb-container uagb-block-494c42c4 alignfull uagb-is-root-container\"><div class=\"uagb-container-inner-blocks-wrap\">\n<div class=\"wp-block-uagb-info-box uagb-block-cd2517a4 uagb-infobox__content-wrap  uagb-infobox-icon-above-title uagb-infobox-image-valign-top wp-block-uagb-info-box--has-margin\"><div class=\"uagb-infobox-margin-wrapper\"><div class=\"uagb-ifb-content\"><div class=\"uagb-ifb-title-wrap\"><h1 class=\"uagb-ifb-title-prefix\">Paquetes de Viajes<\/h1><h1 class=\"uagb-ifb-title\">Tours en Peru<\/h1><\/div><p class=\"uagb-ifb-desc\">Una emocionante mezcla de ruinas antiguas, cultura vibrante y paisajes impresionantes.<\/p><div class=\"uagb-ifb-button-wrapper wp-block-button\"><a href=\"#\" class=\"uagb-infobox-cta-link wp-block-button__link\" target=\"_self\" rel=\"noopener noreferrer\" onclick=\"return false;\"><span class=\"uagb-inline-editing\">Empiece Hoy!<\/span><\/a><\/div><\/div><\/div><\/div>\n<\/div><\/div>\n\n\n\n<div class=\"wp-block-uagb-container uagb-block-5fcee4f8 alignfull uagb-is-root-container\"><div class=\"uagb-container-inner-blocks-wrap\">\n<div class=\"wp-block-uagb-advanced-heading uagb-block-2b5f3149\"><h2 class=\"uagb-heading-text\">LOS MEJORES TREKS A MACHU PICCHU<\/h2><div class=\"uagb-separator\"><\/div><\/div>\n\n\n\n<div class=\"wp-block-uagb-container uagb-block-4a8e1942\">\n<div class=\"wp-block-uagb-container uagb-block-c988f562\">\n<figure class=\"wp-block-image size-full\"><img fetchpriority=\"high\" decoding=\"async\" width=\"480\" height=\"620\" src=\"https:\/\/x-tremetourbulencia.com\/landing\/wp-content\/uploads\/2025\/12\/Winay-wayna-Camino-inca-corto-2-dias.webp\" alt=\"Winay wayna Camino inca corto 2 dias\" class=\"wp-image-19157\" srcset=\"https:\/\/x-tremetourbulencia.com\/landing\/wp-content\/uploads\/2025\/12\/Winay-wayna-Camino-inca-corto-2-dias.webp 480w, https:\/\/x-tremetourbulencia.com\/landing\/wp-content\/uploads\/2025\/12\/Winay-wayna-Camino-inca-corto-2-dias-232x300.webp 232w\" sizes=\"(max-width: 480px) 100vw, 480px\" \/><\/figure>\n\n\n\n<div class=\"wp-block-uagb-advanced-heading uagb-block-b07219d5\"><h3 class=\"uagb-heading-text\">Camino Inca corto 2 dias<\/h3><p class=\"uagb-desc-text\">Emb\u00e1rcate en la aventura definitiva con nuestro cl\u00e1sico Trek de 4 d\u00edas a Machu Picchu, una experiencia inolvidable.<\/p><\/div>\n<\/div>\n\n\n\n<div class=\"wp-block-uagb-container uagb-block-0ad6ff4e\">\n<div class=\"wp-block-uagb-image alignleft uagb-block-930d8e85 wp-block-uagb-image--layout-default wp-block-uagb-image--effect-static wp-block-uagb-image--align-left\"><figure class=\"wp-block-uagb-image__figure\"><img loading=\"lazy\" decoding=\"async\" srcset=\"https:\/\/x-tremetourbulencia.com\/landing\/wp-content\/uploads\/2025\/12\/finalizando-el-camino-inca-en-machu-picchu.webp ,https:\/\/x-tremetourbulencia.com\/landing\/wp-content\/uploads\/2025\/12\/finalizando-el-camino-inca-en-machu-picchu.webp 780w, https:\/\/x-tremetourbulencia.com\/landing\/wp-content\/uploads\/2025\/12\/finalizando-el-camino-inca-en-machu-picchu.webp 360w\" sizes=\"auto, (max-width: 480px) 150px\" src=\"https:\/\/x-tremetourbulencia.com\/landing\/wp-content\/uploads\/2025\/12\/finalizando-el-camino-inca-en-machu-picchu.webp\" alt=\"finalizando el camino inca en machu picchu\" class=\"uag-image-19158\" width=\"373\" height=\"464\" title=\"finalizando el camino inca en machu picchu\" loading=\"lazy\" role=\"img\"\/><\/figure><\/div>\n\n\n\n<div class=\"wp-block-uagb-advanced-heading uagb-block-3974de5a\"><h3 class=\"uagb-heading-text\">Camino Inca Clasico 4 dias<\/h3><p class=\"uagb-desc-text\">Enf\u00f3cate en c\u00f3mo puedes ayudar y beneficiar a tu usuario. Usa palabras sencillas para que no confundas a la gente.<\/p><\/div>\n<\/div>\n\n\n\n<div class=\"wp-block-uagb-container uagb-block-48a31e6a\">\n<div class=\"wp-block-uagb-image alignleft uagb-block-2675d6b0 wp-block-uagb-image--layout-default wp-block-uagb-image--effect-static wp-block-uagb-image--align-left\"><figure class=\"wp-block-uagb-image__figure\"><img loading=\"lazy\" decoding=\"async\" srcset=\"https:\/\/x-tremetourbulencia.com\/landing\/wp-content\/uploads\/2025\/12\/llaqtapata-contrucciones-incas.webp ,https:\/\/x-tremetourbulencia.com\/landing\/wp-content\/uploads\/2025\/12\/llaqtapata-contrucciones-incas.webp 780w, https:\/\/x-tremetourbulencia.com\/landing\/wp-content\/uploads\/2025\/12\/llaqtapata-contrucciones-incas.webp 360w\" sizes=\"auto, (max-width: 480px) 150px\" src=\"https:\/\/x-tremetourbulencia.com\/landing\/wp-content\/uploads\/2025\/12\/llaqtapata-contrucciones-incas.webp\" alt=\"llaqtapata contrucciones incas\" class=\"uag-image-19159\" width=\"373\" height=\"464\" title=\"llaqtapata contrucciones incas\" loading=\"lazy\" role=\"img\"\/><\/figure><\/div>\n\n\n\n<div class=\"wp-block-uagb-advanced-heading uagb-block-8f982c10\"><h3 class=\"uagb-heading-text\">Camino Inca Privado 4 dias<\/h3><p class=\"uagb-desc-text\">A trav\u00e9s de los famosos caminos incas una de las caminatas m\u00e1s famosas del mundo donde podr\u00e1s disfrutar de la Cultura Inca\u2026<\/p><\/div>\n<\/div>\n<\/div>\n<\/div><\/div>\n\n\n\n<div class=\"wp-block-uagb-container uagb-block-fb32e4bf alignfull uagb-is-root-container\"><div class=\"uagb-container-inner-blocks-wrap\">\n<div class=\"wp-block-uagb-image aligncenter uagb-block-052b1f4c wp-block-uagb-image--layout-default wp-block-uagb-image--effect-static wp-block-uagb-image--align-center\"><figure class=\"wp-block-uagb-image__figure\"><img loading=\"lazy\" decoding=\"async\" srcset=\"https:\/\/x-tremetourbulencia.com\/landing\/wp-content\/uploads\/2025\/12\/quotes-1.svg ,https:\/\/x-tremetourbulencia.com\/landing\/wp-content\/uploads\/2025\/12\/quotes-1.svg 780w, https:\/\/x-tremetourbulencia.com\/landing\/wp-content\/uploads\/2025\/12\/quotes-1.svg 360w\" sizes=\"auto, (max-width: 480px) 150px\" src=\"https:\/\/x-tremetourbulencia.com\/landing\/wp-content\/uploads\/2025\/12\/quotes-1.svg\" alt=\"\" class=\"uag-image-19007\" width=\"37\" height=\"38\" title=\"quotes\" loading=\"lazy\" role=\"img\"\/><\/figure><\/div>\n\n\n\n<div class=\"wp-block-uagb-info-box uagb-block-54aaf525 uagb-infobox__content-wrap  uagb-infobox-icon-below-title uagb-infobox-image-valign-top\"><div class=\"uagb-ifb-content\"><div class=\"uagb-ifb-title-wrap\"><h4 class=\"uagb-ifb-title\">\u201c Recorrer senderos legendarios Incas y explora la Amazon\u00eda. Descubre las joyas ocultas del Per\u00fa con paquetes tur\u00edsticos perfectos, dise\u00f1ados para el explorador m\u00e1s aventurero. \u201d.<\/h4><\/div><div class=\"uagb-ifb-image-content\"><img loading=\"lazy\" decoding=\"async\" src=\"http:\/\/localhost\/landing\/wp-content\/uploads\/2021\/11\/avatar_on_home.png\" alt=\"\" width=\"50\" height=\"50\" loading=\"lazy\"\/><\/div><p class=\"uagb-ifb-desc\">Jane Miller<\/p><\/div><\/div>\n<\/div><\/div>\n\n\n\n<div class=\"wp-block-uagb-container uagb-layout-grid uagb-block-0186287e alignfull uagb-is-root-container\"><div class=\"uagb-container-inner-blocks-wrap\">\n<div class=\"wp-block-uagb-info-box uagb-block-03550eeb uagb-infobox__content-wrap  uagb-infobox-icon-above-title uagb-infobox-image-valign-top wp-block-uagb-info-box--has-margin\"><div class=\"uagb-infobox-margin-wrapper\"><div class=\"uagb-ifb-content\"><div class=\"uagb-ifb-title-wrap\"><span class=\"uagb-ifb-title-prefix\">Sobre Nosotros<\/span><h4 class=\"uagb-ifb-title\">Nuestra agencia de viajes es operador oficial autorizado del Camino Inca, ofrece las mejores opciones para esta experiencia \u00fanica.<\/h4><\/div><p class=\"uagb-ifb-desc\">Ofrecemos gu\u00edas expertos, equipo certificado y un servicio integral enfocado en tu seguridad y comodidad, t\u00fa solo disfruta de la caminata mientras nosotros nos encargamos de cada detalle para que puedas conectarte plenamente con la paz y armon\u00eda de la naturaleza en el Camino Inca.<\/p><div class=\"uagb-ifb-button-wrapper wp-block-button\"><a href=\"#\" class=\"uagb-infobox-cta-link ast-outline-button\" target=\"_self\" rel=\"noopener noreferrer\" style=\"border-width:revert-layer\" onclick=\"return false;\"><span class=\"uagb-inline-editing\">Descubre Mas!<\/span><\/a><\/div><\/div><\/div><\/div>\n\n\n\n<div class=\"wp-block-uagb-image alignright uagb-block-37933192 wp-block-uagb-image--layout-default wp-block-uagb-image--effect-static wp-block-uagb-image--align-right\"><figure class=\"wp-block-uagb-image__figure\"><img loading=\"lazy\" decoding=\"async\" srcset=\"https:\/\/x-tremetourbulencia.com\/landing\/wp-content\/uploads\/2025\/12\/Camino-inca-a-Machu-Picchu.webp ,https:\/\/x-tremetourbulencia.com\/landing\/wp-content\/uploads\/2025\/12\/Camino-inca-a-Machu-Picchu.webp 780w, https:\/\/x-tremetourbulencia.com\/landing\/wp-content\/uploads\/2025\/12\/Camino-inca-a-Machu-Picchu.webp 360w\" sizes=\"auto, (max-width: 480px) 150px\" src=\"https:\/\/x-tremetourbulencia.com\/landing\/wp-content\/uploads\/2025\/12\/Camino-inca-a-Machu-Picchu.webp\" alt=\"Camino inca a Machu Picchu\" class=\"uag-image-19165\" width=\"650\" height=\"334\" title=\"Camino inca a Machu Picchu\" loading=\"lazy\" role=\"img\"\/><\/figure><\/div>\n<\/div><\/div>\n\n\n\n<div class=\"wp-block-uagb-container uagb-block-05a4a518 alignfull uagb-is-root-container\"><div class=\"uagb-container-inner-blocks-wrap\">\n<div class=\"wp-block-uagb-info-box uagb-block-9a97965e uagb-infobox__content-wrap  uagb-infobox-icon-above-title uagb-infobox-image-valign-top wp-block-uagb-info-box--has-margin\"><div class=\"uagb-infobox-margin-wrapper\"><div class=\"uagb-ifb-content\"><div class=\"uagb-ifb-title-wrap\"><h1 class=\"uagb-ifb-title\">QUESTIONS?<\/h1><\/div><p class=\"uagb-ifb-desc\">Whether you\u2019re curious about features, a free trial, or even press, we\u2019re here to answer any questions.<\/p><div class=\"uagb-ifb-button-wrapper wp-block-button\"><a href=\"#\" class=\"uagb-infobox-cta-link wp-block-button__link\" target=\"_self\" rel=\"noopener noreferrer\" onclick=\"return false;\"><span class=\"uagb-inline-editing\">Let&#8217;s Talk Now<\/span><\/a><\/div><\/div><\/div><\/div>\n<\/div><\/div>\n\n\n\n<p><\/p>\n","protected":false},"excerpt":{"rendered":"<p>LOS MEJORES TREKS A MACHU PICCHU Camino Inca corto 2 dias Emb\u00e1rcate en la aventura definitiva con nuestro cl\u00e1sico Trek [&hellip;]<\/p>\n","protected":false},"author":1,"featured_media":0,"parent":0,"menu_order":0,"comment_status":"closed","ping_status":"closed","template":"elementor_header_footer","meta":{"_uag_custom_page_level_css":"","site-sidebar-layout":"default","site-content-layout":"","ast-site-content-layout":"full-width-container","site-content-style":"unboxed","site-sidebar-style":"unboxed","ast-global-header-display":"","ast-banner-title-visibility":"","ast-main-header-display":"","ast-hfb-above-header-display":"","ast-hfb-below-header-display":"","ast-hfb-mobile-header-display":"","site-post-title":"disabled","ast-breadcrumbs-content":"","ast-featured-img":"","footer-sml-layout":"","ast-disable-related-posts":"","theme-transparent-header-meta":"","adv-header-id-meta":"","stick-header-meta":"","header-above-stick-meta":"","header-main-stick-meta":"","header-below-stick-meta":"","astra-migrate-meta-layouts":"set","ast-page-background-enabled":"default","ast-page-background-meta":{"desktop":{"background-color":"var(--ast-global-color-4)","background-image":"","background-repeat":"repeat","background-position":"center center","background-size":"auto","background-attachment":"scroll","background-type":"","background-media":"","overlay-type":"","overlay-color":"","overlay-opacity":"","overlay-gradient":""},"tablet":{"background-color":"","background-image":"","background-repeat":"repeat","background-position":"center center","background-size":"auto","background-attachment":"scroll","background-type":"","background-media":"","overlay-type":"","overlay-color":"","overlay-opacity":"","overlay-gradient":""},"mobile":{"background-color":"","background-image":"","background-repeat":"repeat","background-position":"center center","background-size":"auto","background-attachment":"scroll","background-type":"","background-media":"","overlay-type":"","overlay-color":"","overlay-opacity":"","overlay-gradient":""}},"ast-content-background-meta":{"desktop":{"background-color":"var(--ast-global-color-5)","background-image":"","background-repeat":"repeat","background-position":"center center","background-size":"auto","background-attachment":"scroll","background-type":"","background-media":"","overlay-type":"","overlay-color":"","overlay-opacity":"","overlay-gradient":""},"tablet":{"background-color":"var(--ast-global-color-5)","background-image":"","background-repeat":"repeat","background-position":"center center","background-size":"auto","background-attachment":"scroll","background-type":"","background-media":"","overlay-type":"","overlay-color":"","overlay-opacity":"","overlay-gradient":""},"mobile":{"background-color":"var(--ast-global-color-5)","background-image":"","background-repeat":"repeat","background-position":"center center","background-size":"auto","background-attachment":"scroll","background-type":"","background-media":"","overlay-type":"","overlay-color":"","overlay-opacity":"","overlay-gradient":""}},"footnotes":""},"class_list":["post-18552","page","type-page","status-publish","hentry"],"yoast_head":"<!-- This site is optimized with the Yoast SEO plugin v27.6 - https:\/\/yoast.com\/product\/yoast-seo-wordpress\/ -->\n<title>Paquetes de Viajes a Per\u00fa y Trekking a Machu Picchu - Landing Xtreme Tourbulencia<\/title>\n<meta name=\"description\" content=\"Descubre los mejores paquetes de viajes a Per\u00fa. Vive el trekking a Machu Picchu por el Camino Inca o Salkantay con expertos locales. Reservar!\" \/>\n<meta name=\"robots\" content=\"index, follow, max-snippet:-1, max-image-preview:large, max-video-preview:-1\" \/>\n<link rel=\"canonical\" href=\"https:\/\/x-tremetourbulencia.com\/landing\/es\/\" \/>\n<meta property=\"og:locale\" content=\"en_US\" \/>\n<meta property=\"og:type\" content=\"article\" \/>\n<meta property=\"og:title\" content=\"Paquetes de Viajes a Per\u00fa y Trekking a Machu Picchu - Landing Xtreme Tourbulencia\" \/>\n<meta property=\"og:description\" content=\"Descubre los mejores paquetes de viajes a Per\u00fa. Vive el trekking a Machu Picchu por el Camino Inca o Salkantay con expertos locales. Reservar!\" \/>\n<meta property=\"og:url\" content=\"https:\/\/x-tremetourbulencia.com\/landing\/es\/\" \/>\n<meta property=\"og:site_name\" content=\"Landing Xtreme Tourbulencia\" \/>\n<meta property=\"article:publisher\" content=\"https:\/\/www.facebook.com\/XtremeTourbulenciaTravelAgency\" \/>\n<meta property=\"article:modified_time\" content=\"2026-01-02T14:59:26+00:00\" \/>\n<meta property=\"og:image\" content=\"https:\/\/x-tremetourbulencia.com\/landing\/wp-content\/uploads\/2025\/12\/Winay-wayna-Camino-inca-corto-2-dias.webp\" \/>\n<meta name=\"twitter:card\" content=\"summary_large_image\" \/>\n<meta name=\"twitter:label1\" content=\"Est. reading time\" \/>\n\t<meta name=\"twitter:data1\" content=\"3 minutes\" \/>\n<script type=\"application\/ld+json\" class=\"yoast-schema-graph\">{\"@context\":\"https:\\\/\\\/schema.org\",\"@graph\":[{\"@type\":\"WebPage\",\"@id\":\"https:\\\/\\\/x-tremetourbulencia.com\\\/landing\\\/es\\\/\",\"url\":\"https:\\\/\\\/x-tremetourbulencia.com\\\/landing\\\/es\\\/\",\"name\":\"Paquetes de Viajes a Per\u00fa y Trekking a Machu Picchu - Landing Xtreme Tourbulencia\",\"isPartOf\":{\"@id\":\"https:\\\/\\\/x-tremetourbulencia.com\\\/landing\\\/#website\"},\"primaryImageOfPage\":{\"@id\":\"https:\\\/\\\/x-tremetourbulencia.com\\\/landing\\\/es\\\/#primaryimage\"},\"image\":{\"@id\":\"https:\\\/\\\/x-tremetourbulencia.com\\\/landing\\\/es\\\/#primaryimage\"},\"thumbnailUrl\":\"https:\\\/\\\/x-tremetourbulencia.com\\\/landing\\\/wp-content\\\/uploads\\\/2025\\\/12\\\/Winay-wayna-Camino-inca-corto-2-dias.webp\",\"datePublished\":\"2025-12-03T16:26:20+00:00\",\"dateModified\":\"2026-01-02T14:59:26+00:00\",\"description\":\"Descubre los mejores paquetes de viajes a Per\u00fa. Vive el trekking a Machu Picchu por el Camino Inca o Salkantay con expertos locales. Reservar!\",\"breadcrumb\":{\"@id\":\"https:\\\/\\\/x-tremetourbulencia.com\\\/landing\\\/es\\\/#breadcrumb\"},\"inLanguage\":\"en-US\",\"potentialAction\":[{\"@type\":\"ReadAction\",\"target\":[\"https:\\\/\\\/x-tremetourbulencia.com\\\/landing\\\/es\\\/\"]}]},{\"@type\":\"ImageObject\",\"inLanguage\":\"en-US\",\"@id\":\"https:\\\/\\\/x-tremetourbulencia.com\\\/landing\\\/es\\\/#primaryimage\",\"url\":\"https:\\\/\\\/x-tremetourbulencia.com\\\/landing\\\/wp-content\\\/uploads\\\/2025\\\/12\\\/Winay-wayna-Camino-inca-corto-2-dias.webp\",\"contentUrl\":\"https:\\\/\\\/x-tremetourbulencia.com\\\/landing\\\/wp-content\\\/uploads\\\/2025\\\/12\\\/Winay-wayna-Camino-inca-corto-2-dias.webp\",\"width\":480,\"height\":620},{\"@type\":\"BreadcrumbList\",\"@id\":\"https:\\\/\\\/x-tremetourbulencia.com\\\/landing\\\/es\\\/#breadcrumb\",\"itemListElement\":[{\"@type\":\"ListItem\",\"position\":1,\"name\":\"Home\",\"item\":\"https:\\\/\\\/x-tremetourbulencia.com\\\/landing\\\/\"},{\"@type\":\"ListItem\",\"position\":2,\"name\":\"Inicio\"}]},{\"@type\":\"WebSite\",\"@id\":\"https:\\\/\\\/x-tremetourbulencia.com\\\/landing\\\/#website\",\"url\":\"https:\\\/\\\/x-tremetourbulencia.com\\\/landing\\\/\",\"name\":\"Landing Xtreme Tourbulencia\",\"description\":\"Machu Picchu Hiking Peru\",\"publisher\":{\"@id\":\"https:\\\/\\\/x-tremetourbulencia.com\\\/landing\\\/#organization\"},\"alternateName\":\"Group Tourbulencia\",\"potentialAction\":[{\"@type\":\"SearchAction\",\"target\":{\"@type\":\"EntryPoint\",\"urlTemplate\":\"https:\\\/\\\/x-tremetourbulencia.com\\\/landing\\\/?s={search_term_string}\"},\"query-input\":{\"@type\":\"PropertyValueSpecification\",\"valueRequired\":true,\"valueName\":\"search_term_string\"}}],\"inLanguage\":\"en-US\"},{\"@type\":\"Organization\",\"@id\":\"https:\\\/\\\/x-tremetourbulencia.com\\\/landing\\\/#organization\",\"name\":\"Landing Xtreme Tourbuelncia\",\"alternateName\":\"Grupo Xtreme Tourbulencia\",\"url\":\"https:\\\/\\\/x-tremetourbulencia.com\\\/landing\\\/\",\"logo\":{\"@type\":\"ImageObject\",\"inLanguage\":\"en-US\",\"@id\":\"https:\\\/\\\/x-tremetourbulencia.com\\\/landing\\\/#\\\/schema\\\/logo\\\/image\\\/\",\"url\":\"https:\\\/\\\/x-tremetourbulencia.com\\\/landing\\\/wp-content\\\/uploads\\\/2025\\\/12\\\/logo.png\",\"contentUrl\":\"https:\\\/\\\/x-tremetourbulencia.com\\\/landing\\\/wp-content\\\/uploads\\\/2025\\\/12\\\/logo.png\",\"width\":600,\"height\":214,\"caption\":\"Landing Xtreme Tourbuelncia\"},\"image\":{\"@id\":\"https:\\\/\\\/x-tremetourbulencia.com\\\/landing\\\/#\\\/schema\\\/logo\\\/image\\\/\"},\"sameAs\":[\"https:\\\/\\\/www.facebook.com\\\/XtremeTourbulenciaTravelAgency\",\"https:\\\/\\\/www.instagram.com\\\/xtremetourbulenciaperu\\\/\",\"https:\\\/\\\/www.tripadvisor.com.pe\\\/Attraction_Review-g294314-d7248853-Reviews-Xtreme_Tourbulencia-Cusco_Cusco_Region.html\",\"https:\\\/\\\/www.tiktok.com\\\/@xtreme_tourbulencia\",\"https:\\\/\\\/www.youtube.com\\\/channel\\\/UC0_CeNiNjaX-YHT3kfavMKw\"]}]}<\/script>\n<!-- \/ Yoast SEO plugin. -->","yoast_head_json":{"title":"Paquetes de Viajes a Per\u00fa y Trekking a Machu Picchu - Landing Xtreme Tourbulencia","description":"Descubre los mejores paquetes de viajes a Per\u00fa. Vive el trekking a Machu Picchu por el Camino Inca o Salkantay con expertos locales. Reservar!","robots":{"index":"index","follow":"follow","max-snippet":"max-snippet:-1","max-image-preview":"max-image-preview:large","max-video-preview":"max-video-preview:-1"},"canonical":"https:\/\/x-tremetourbulencia.com\/landing\/es\/","og_locale":"en_US","og_type":"article","og_title":"Paquetes de Viajes a Per\u00fa y Trekking a Machu Picchu - Landing Xtreme Tourbulencia","og_description":"Descubre los mejores paquetes de viajes a Per\u00fa. Vive el trekking a Machu Picchu por el Camino Inca o Salkantay con expertos locales. Reservar!","og_url":"https:\/\/x-tremetourbulencia.com\/landing\/es\/","og_site_name":"Landing Xtreme Tourbulencia","article_publisher":"https:\/\/www.facebook.com\/XtremeTourbulenciaTravelAgency","article_modified_time":"2026-01-02T14:59:26+00:00","og_image":[{"url":"https:\/\/x-tremetourbulencia.com\/landing\/wp-content\/uploads\/2025\/12\/Winay-wayna-Camino-inca-corto-2-dias.webp","type":"","width":"","height":""}],"twitter_card":"summary_large_image","twitter_misc":{"Est. reading time":"3 minutes"},"schema":{"@context":"https:\/\/schema.org","@graph":[{"@type":"WebPage","@id":"https:\/\/x-tremetourbulencia.com\/landing\/es\/","url":"https:\/\/x-tremetourbulencia.com\/landing\/es\/","name":"Paquetes de Viajes a Per\u00fa y Trekking a Machu Picchu - Landing Xtreme Tourbulencia","isPartOf":{"@id":"https:\/\/x-tremetourbulencia.com\/landing\/#website"},"primaryImageOfPage":{"@id":"https:\/\/x-tremetourbulencia.com\/landing\/es\/#primaryimage"},"image":{"@id":"https:\/\/x-tremetourbulencia.com\/landing\/es\/#primaryimage"},"thumbnailUrl":"https:\/\/x-tremetourbulencia.com\/landing\/wp-content\/uploads\/2025\/12\/Winay-wayna-Camino-inca-corto-2-dias.webp","datePublished":"2025-12-03T16:26:20+00:00","dateModified":"2026-01-02T14:59:26+00:00","description":"Descubre los mejores paquetes de viajes a Per\u00fa. Vive el trekking a Machu Picchu por el Camino Inca o Salkantay con expertos locales. Reservar!","breadcrumb":{"@id":"https:\/\/x-tremetourbulencia.com\/landing\/es\/#breadcrumb"},"inLanguage":"en-US","potentialAction":[{"@type":"ReadAction","target":["https:\/\/x-tremetourbulencia.com\/landing\/es\/"]}]},{"@type":"ImageObject","inLanguage":"en-US","@id":"https:\/\/x-tremetourbulencia.com\/landing\/es\/#primaryimage","url":"https:\/\/x-tremetourbulencia.com\/landing\/wp-content\/uploads\/2025\/12\/Winay-wayna-Camino-inca-corto-2-dias.webp","contentUrl":"https:\/\/x-tremetourbulencia.com\/landing\/wp-content\/uploads\/2025\/12\/Winay-wayna-Camino-inca-corto-2-dias.webp","width":480,"height":620},{"@type":"BreadcrumbList","@id":"https:\/\/x-tremetourbulencia.com\/landing\/es\/#breadcrumb","itemListElement":[{"@type":"ListItem","position":1,"name":"Home","item":"https:\/\/x-tremetourbulencia.com\/landing\/"},{"@type":"ListItem","position":2,"name":"Inicio"}]},{"@type":"WebSite","@id":"https:\/\/x-tremetourbulencia.com\/landing\/#website","url":"https:\/\/x-tremetourbulencia.com\/landing\/","name":"Landing Xtreme Tourbulencia","description":"Machu Picchu Hiking Peru","publisher":{"@id":"https:\/\/x-tremetourbulencia.com\/landing\/#organization"},"alternateName":"Group Tourbulencia","potentialAction":[{"@type":"SearchAction","target":{"@type":"EntryPoint","urlTemplate":"https:\/\/x-tremetourbulencia.com\/landing\/?s={search_term_string}"},"query-input":{"@type":"PropertyValueSpecification","valueRequired":true,"valueName":"search_term_string"}}],"inLanguage":"en-US"},{"@type":"Organization","@id":"https:\/\/x-tremetourbulencia.com\/landing\/#organization","name":"Landing Xtreme Tourbuelncia","alternateName":"Grupo Xtreme Tourbulencia","url":"https:\/\/x-tremetourbulencia.com\/landing\/","logo":{"@type":"ImageObject","inLanguage":"en-US","@id":"https:\/\/x-tremetourbulencia.com\/landing\/#\/schema\/logo\/image\/","url":"https:\/\/x-tremetourbulencia.com\/landing\/wp-content\/uploads\/2025\/12\/logo.png","contentUrl":"https:\/\/x-tremetourbulencia.com\/landing\/wp-content\/uploads\/2025\/12\/logo.png","width":600,"height":214,"caption":"Landing Xtreme Tourbuelncia"},"image":{"@id":"https:\/\/x-tremetourbulencia.com\/landing\/#\/schema\/logo\/image\/"},"sameAs":["https:\/\/www.facebook.com\/XtremeTourbulenciaTravelAgency","https:\/\/www.instagram.com\/xtremetourbulenciaperu\/","https:\/\/www.tripadvisor.com.pe\/Attraction_Review-g294314-d7248853-Reviews-Xtreme_Tourbulencia-Cusco_Cusco_Region.html","https:\/\/www.tiktok.com\/@xtreme_tourbulencia","https:\/\/www.youtube.com\/channel\/UC0_CeNiNjaX-YHT3kfavMKw"]}]}},"uagb_featured_image_src":{"full":false,"thumbnail":false,"medium":false,"medium_large":false,"large":false,"1536x1536":false,"2048x2048":false},"uagb_author_info":{"display_name":"admin-landing","author_link":"https:\/\/x-tremetourbulencia.com\/landing\/author\/admin-landing\/"},"uagb_comment_info":0,"uagb_excerpt":"LOS MEJORES TREKS A MACHU PICCHU Camino Inca corto 2 dias Emb\u00e1rcate en la aventura definitiva con nuestro cl\u00e1sico Trek [&hellip;]","_links":{"self":[{"href":"https:\/\/x-tremetourbulencia.com\/landing\/wp-json\/wp\/v2\/pages\/18552","targetHints":{"allow":["GET"]}}],"collection":[{"href":"https:\/\/x-tremetourbulencia.com\/landing\/wp-json\/wp\/v2\/pages"}],"about":[{"href":"https:\/\/x-tremetourbulencia.com\/landing\/wp-json\/wp\/v2\/types\/page"}],"author":[{"embeddable":true,"href":"https:\/\/x-tremetourbulencia.com\/landing\/wp-json\/wp\/v2\/users\/1"}],"replies":[{"embeddable":true,"href":"https:\/\/x-tremetourbulencia.com\/landing\/wp-json\/wp\/v2\/comments?post=18552"}],"version-history":[{"count":12,"href":"https:\/\/x-tremetourbulencia.com\/landing\/wp-json\/wp\/v2\/pages\/18552\/revisions"}],"predecessor-version":[{"id":19178,"href":"https:\/\/x-tremetourbulencia.com\/landing\/wp-json\/wp\/v2\/pages\/18552\/revisions\/19178"}],"wp:attachment":[{"href":"https:\/\/x-tremetourbulencia.com\/landing\/wp-json\/wp\/v2\/media?parent=18552"}],"curies":[{"name":"wp","href":"https:\/\/api.w.org\/{rel}","templated":true}]}}