{"id":18553,"date":"2025-12-03T16:26:20","date_gmt":"2025-12-03T16:26:20","guid":{"rendered":"http:\/\/localhost\/landing\/home-francais\/"},"modified":"2026-01-02T15:02:37","modified_gmt":"2026-01-02T15:02:37","slug":"accueil","status":"publish","type":"page","link":"https:\/\/x-tremetourbulencia.com\/landing\/fr\/","title":{"rendered":"Accueil"},"content":{"rendered":"\n<div class=\"wp-block-uagb-container uagb-block-494c42c4 alignfull uagb-is-root-container\"><div class=\"uagb-container-inner-blocks-wrap\">\n<div class=\"wp-block-uagb-info-box uagb-block-cd2517a4 uagb-infobox__content-wrap  uagb-infobox-icon-above-title uagb-infobox-image-valign-top wp-block-uagb-info-box--has-margin\"><div class=\"uagb-infobox-margin-wrapper\"><div class=\"uagb-ifb-content\"><div class=\"uagb-ifb-title-wrap\"><h1 class=\"uagb-ifb-title-prefix\">S\u00e9jours de r\u00eave<\/h1><h1 class=\"uagb-ifb-title\">Forfait voyages au P\u00e9rou<\/h1><\/div><p class=\"uagb-ifb-desc\">Ruines antiques, culture vibrante, paysages \u00e9poustouflants: un P\u00e9rou inoubliable.<\/p><div class=\"uagb-ifb-button-wrapper wp-block-button\"><a href=\"#\" class=\"uagb-infobox-cta-link wp-block-button__link\" target=\"_self\" rel=\"noopener noreferrer\" onclick=\"return false;\"><span class=\"uagb-inline-editing\">D\u00e9marre<\/span><\/a><\/div><\/div><\/div><\/div>\n<\/div><\/div>\n\n\n\n<div class=\"wp-block-uagb-container uagb-block-5fcee4f8 alignfull uagb-is-root-container\"><div class=\"uagb-container-inner-blocks-wrap\">\n<div class=\"wp-block-uagb-advanced-heading uagb-block-2b5f3149\"><h2 class=\"uagb-heading-text\">Nos Services<\/h2><div class=\"uagb-separator\"><\/div><\/div>\n\n\n\n<div class=\"wp-block-uagb-container uagb-block-4a8e1942\">\n<div class=\"wp-block-uagb-container uagb-block-c988f562\">\n<div class=\"wp-block-uagb-image alignleft uagb-block-a35d235b wp-block-uagb-image--layout-default wp-block-uagb-image--effect-static wp-block-uagb-image--align-left\"><figure class=\"wp-block-uagb-image__figure\"><img loading=\"lazy\" decoding=\"async\" srcset=\"https:\/\/localhost\/landing\/wp-content\/uploads\/2021\/11\/service-1.jpg ,https:\/\/localhost\/landing\/wp-content\/uploads\/2021\/11\/service-1.jpg 780w, https:\/\/localhost\/landing\/wp-content\/uploads\/2021\/11\/service-1.jpg 360w\" sizes=\"auto, (max-width: 480px) 150px\" src=\"https:\/\/localhost\/landing\/wp-content\/uploads\/2021\/11\/service-1.jpg\" alt=\"\" class=\"uag-image-109\" width=\"373\" height=\"464\" title=\"service-1\" loading=\"lazy\" role=\"img\"\/><\/figure><\/div>\n\n\n\n<div class=\"wp-block-uagb-advanced-heading uagb-block-b07219d5\"><h3 class=\"uagb-heading-text\">Conception Web<\/h3><p class=\"uagb-desc-text\">Concentrez-vous sur la fa\u00e7on dont vous pouvez aider et b\u00e9n\u00e9ficier \u00e0 votre utilisateur. Utilisez des mots simples pour ne pas confondre les gens.<\/p><\/div>\n<\/div>\n\n\n\n<div class=\"wp-block-uagb-container uagb-block-0ad6ff4e\">\n<div class=\"wp-block-uagb-image alignleft uagb-block-930d8e85 wp-block-uagb-image--layout-default wp-block-uagb-image--effect-static wp-block-uagb-image--align-left\"><figure class=\"wp-block-uagb-image__figure\"><img loading=\"lazy\" decoding=\"async\" srcset=\"https:\/\/localhost\/landing\/wp-content\/uploads\/2021\/11\/service-2.jpg ,https:\/\/localhost\/landing\/wp-content\/uploads\/2021\/11\/service-2.jpg 780w, https:\/\/localhost\/landing\/wp-content\/uploads\/2021\/11\/service-2.jpg 360w\" sizes=\"auto, (max-width: 480px) 150px\" src=\"https:\/\/localhost\/landing\/wp-content\/uploads\/2021\/11\/service-2.jpg\" alt=\"\" class=\"uag-image-110\" width=\"373\" height=\"464\" title=\"service-2\" loading=\"lazy\" role=\"img\"\/><\/figure><\/div>\n\n\n\n<div class=\"wp-block-uagb-advanced-heading uagb-block-3974de5a\"><h3 class=\"uagb-heading-text\">Design graphique<\/h3><p class=\"uagb-desc-text\">Concentrez-vous sur la fa\u00e7on dont vous pouvez aider et b\u00e9n\u00e9ficier \u00e0 votre utilisateur. Utilisez des mots simples pour ne pas confondre les gens.<\/p><\/div>\n<\/div>\n\n\n\n<div class=\"wp-block-uagb-container uagb-block-48a31e6a\">\n<div class=\"wp-block-uagb-image alignleft uagb-block-2675d6b0 wp-block-uagb-image--layout-default wp-block-uagb-image--effect-static wp-block-uagb-image--align-left\"><figure class=\"wp-block-uagb-image__figure\"><img loading=\"lazy\" decoding=\"async\" srcset=\"https:\/\/localhost\/landing\/wp-content\/uploads\/2021\/11\/service-3.jpg ,https:\/\/localhost\/landing\/wp-content\/uploads\/2021\/11\/service-3.jpg 780w, https:\/\/localhost\/landing\/wp-content\/uploads\/2021\/11\/service-3.jpg 360w\" sizes=\"auto, (max-width: 480px) 150px\" src=\"https:\/\/localhost\/landing\/wp-content\/uploads\/2021\/11\/service-3.jpg\" alt=\"\" class=\"uag-image-108\" width=\"373\" height=\"464\" title=\"service-3\" loading=\"lazy\" role=\"img\"\/><\/figure><\/div>\n\n\n\n<div class=\"wp-block-uagb-advanced-heading uagb-block-8f982c10\"><h3 class=\"uagb-heading-text\">Cr\u00e9ation de contenu<\/h3><p class=\"uagb-desc-text\">Concentrez-vous sur la fa\u00e7on dont vous pouvez aider et b\u00e9n\u00e9ficier \u00e0 votre utilisateur. Utilisez des mots simples pour ne pas confondre les gens.<\/p><\/div>\n<\/div>\n<\/div>\n<\/div><\/div>\n\n\n\n<div class=\"wp-block-uagb-container uagb-block-fb32e4bf alignfull uagb-is-root-container\"><div class=\"uagb-container-inner-blocks-wrap\">\n<div class=\"wp-block-uagb-image aligncenter uagb-block-052b1f4c wp-block-uagb-image--layout-default wp-block-uagb-image--effect-static wp-block-uagb-image--align-center\"><figure class=\"wp-block-uagb-image__figure\"><img loading=\"lazy\" decoding=\"async\" srcset=\"https:\/\/localhost\/landing\/wp-content\/uploads\/2021\/11\/quotes.svg ,https:\/\/localhost\/landing\/wp-content\/uploads\/2021\/11\/quotes.svg 780w, https:\/\/localhost\/landing\/wp-content\/uploads\/2021\/11\/quotes.svg 360w\" sizes=\"auto, (max-width: 480px) 150px\" src=\"https:\/\/localhost\/landing\/wp-content\/uploads\/2021\/11\/quotes.svg\" alt=\"\" class=\"uag-image-117\" width=\"37\" height=\"38\" title=\"quotes\" loading=\"lazy\" role=\"img\"\/><\/figure><\/div>\n\n\n\n<div class=\"wp-block-uagb-info-box uagb-block-54aaf525 uagb-infobox__content-wrap  uagb-infobox-icon-below-title uagb-infobox-image-valign-top\"><div class=\"uagb-ifb-content\"><div class=\"uagb-ifb-title-wrap\"><h4 class=\"uagb-ifb-title\">\u00ab Originaire et avec une compr\u00e9hension inn\u00e9e des besoins de leurs clients, l\u2019\u00e9quipe de Love Nature est toujours un plaisir de travailler avec. \u00bb<\/h4><\/div><div class=\"uagb-ifb-image-content\"><img loading=\"lazy\" decoding=\"async\" src=\"http:\/\/localhost\/landing\/wp-content\/uploads\/2021\/11\/avatar_on_home.png\" alt=\"\" width=\"50\" height=\"50\" loading=\"lazy\"\/><\/div><p class=\"uagb-ifb-desc\">Jane Miller<\/p><\/div><\/div>\n<\/div><\/div>\n\n\n\n<div class=\"wp-block-uagb-container uagb-layout-grid uagb-block-0186287e alignfull uagb-is-root-container\"><div class=\"uagb-container-inner-blocks-wrap\">\n<div class=\"wp-block-uagb-info-box uagb-block-03550eeb uagb-infobox__content-wrap  uagb-infobox-icon-above-title uagb-infobox-image-valign-top wp-block-uagb-info-box--has-margin\"><div class=\"uagb-infobox-margin-wrapper\"><div class=\"uagb-ifb-content\"><div class=\"uagb-ifb-title-wrap\"><span class=\"uagb-ifb-title-prefix\">\u00c0 propos de nous<\/span><h4 class=\"uagb-ifb-title\">Dites aux visiteurs du site Web qui vous \u00eates et pourquoi ils devraient choisir votre entreprise.<\/h4><\/div><p class=\"uagb-ifb-desc\">Parce que lorsqu\u2019un visiteur atterrit pour la premi\u00e8re fois sur votre site Web, vous \u00eates un \u00e9tranger pour eux. Ils doivent apprendre \u00e0 vous conna\u00eetre afin de vouloir lire vos articles de blog, vous abonner \u00e0 votre newsletter par courriel ou acheter ce que vous vendez.<\/p><div class=\"uagb-ifb-button-wrapper wp-block-button\"><a href=\"#\" class=\"uagb-infobox-cta-link ast-outline-button\" target=\"_self\" rel=\"noopener noreferrer\" style=\"border-width:revert-layer\" onclick=\"return false;\"><span class=\"uagb-inline-editing\">En Savoir Plus<\/span><\/a><\/div><\/div><\/div><\/div>\n\n\n\n<div class=\"wp-block-uagb-image alignright uagb-block-37933192 wp-block-uagb-image--layout-default wp-block-uagb-image--effect-static wp-block-uagb-image--align-right\"><figure class=\"wp-block-uagb-image__figure\"><img loading=\"lazy\" decoding=\"async\" srcset=\"https:\/\/localhost\/landing\/wp-content\/uploads\/2021\/11\/leaf.jpg \" sizes=\"auto, (max-width: 480px) 150px\" src=\"https:\/\/localhost\/landing\/wp-content\/uploads\/2021\/11\/leaf.jpg\" alt=\"\" class=\"uag-image-145\" width=\"647\" height=\"785\" title=\"\" loading=\"lazy\" role=\"img\"\/><\/figure><\/div>\n<\/div><\/div>\n\n\n\n<div class=\"wp-block-uagb-container uagb-block-05a4a518 alignfull uagb-is-root-container\"><div class=\"uagb-container-inner-blocks-wrap\">\n<div class=\"wp-block-uagb-info-box uagb-block-9a97965e uagb-infobox__content-wrap  uagb-infobox-icon-above-title uagb-infobox-image-valign-top wp-block-uagb-info-box--has-margin\"><div class=\"uagb-infobox-margin-wrapper\"><div class=\"uagb-ifb-content\"><div class=\"uagb-ifb-title-wrap\"><h1 class=\"uagb-ifb-title\">QUESTIONS?<\/h1><\/div><p class=\"uagb-ifb-desc\">Que vous soyez curieux de fonctionnalit\u00e9s, d\u2019un essai gratuit ou m\u00eame d\u2019une presse, nous sommes l\u00e0 pour r\u00e9pondre \u00e0 toutes vos questions.<\/p><div class=\"uagb-ifb-button-wrapper wp-block-button\"><a href=\"#\" class=\"uagb-infobox-cta-link wp-block-button__link\" target=\"_self\" rel=\"noopener noreferrer\" onclick=\"return false;\"><span class=\"uagb-inline-editing\">Parlons Maintenat<\/span><\/a><\/div><\/div><\/div><\/div>\n<\/div><\/div>\n\n\n\n<p><\/p>\n\n\n\n<p><\/p>\n","protected":false},"excerpt":{"rendered":"<p>Nos Services Conception Web Concentrez-vous sur la fa\u00e7on dont vous pouvez aider et b\u00e9n\u00e9ficier \u00e0 votre utilisateur. Utilisez des mots [&hellip;]<\/p>\n","protected":false},"author":1,"featured_media":0,"parent":0,"menu_order":0,"comment_status":"closed","ping_status":"closed","template":"elementor_header_footer","meta":{"_uag_custom_page_level_css":"","site-sidebar-layout":"default","site-content-layout":"","ast-site-content-layout":"full-width-container","site-content-style":"unboxed","site-sidebar-style":"unboxed","ast-global-header-display":"","ast-banner-title-visibility":"","ast-main-header-display":"","ast-hfb-above-header-display":"","ast-hfb-below-header-display":"","ast-hfb-mobile-header-display":"","site-post-title":"disabled","ast-breadcrumbs-content":"","ast-featured-img":"","footer-sml-layout":"","ast-disable-related-posts":"","theme-transparent-header-meta":"","adv-header-id-meta":"","stick-header-meta":"","header-above-stick-meta":"","header-main-stick-meta":"","header-below-stick-meta":"","astra-migrate-meta-layouts":"set","ast-page-background-enabled":"default","ast-page-background-meta":{"desktop":{"background-color":"var(--ast-global-color-4)","background-image":"","background-repeat":"repeat","background-position":"center center","background-size":"auto","background-attachment":"scroll","background-type":"","background-media":"","overlay-type":"","overlay-color":"","overlay-opacity":"","overlay-gradient":""},"tablet":{"background-color":"","background-image":"","background-repeat":"repeat","background-position":"center center","background-size":"auto","background-attachment":"scroll","background-type":"","background-media":"","overlay-type":"","overlay-color":"","overlay-opacity":"","overlay-gradient":""},"mobile":{"background-color":"","background-image":"","background-repeat":"repeat","background-position":"center center","background-size":"auto","background-attachment":"scroll","background-type":"","background-media":"","overlay-type":"","overlay-color":"","overlay-opacity":"","overlay-gradient":""}},"ast-content-background-meta":{"desktop":{"background-color":"var(--ast-global-color-5)","background-image":"","background-repeat":"repeat","background-position":"center center","background-size":"auto","background-attachment":"scroll","background-type":"","background-media":"","overlay-type":"","overlay-color":"","overlay-opacity":"","overlay-gradient":""},"tablet":{"background-color":"var(--ast-global-color-5)","background-image":"","background-repeat":"repeat","background-position":"center center","background-size":"auto","background-attachment":"scroll","background-type":"","background-media":"","overlay-type":"","overlay-color":"","overlay-opacity":"","overlay-gradient":""},"mobile":{"background-color":"var(--ast-global-color-5)","background-image":"","background-repeat":"repeat","background-position":"center center","background-size":"auto","background-attachment":"scroll","background-type":"","background-media":"","overlay-type":"","overlay-color":"","overlay-opacity":"","overlay-gradient":""}},"footnotes":""},"class_list":["post-18553","page","type-page","status-publish","hentry"],"yoast_head":"<!-- This site is optimized with the Yoast SEO plugin v27.6 - https:\/\/yoast.com\/product\/yoast-seo-wordpress\/ -->\n<title>Circuits au P\u00e9rou et Randonn\u00e9e Machu Picchu - Landing Xtreme Tourbulencia<\/title>\n<meta name=\"description\" content=\"D\u00e9couvrez nos circuits au P\u00e9rou et l&#039;inoubliable randonn\u00e9e au Machu Picchu. Chemin Inca, Salkantay et culture locale avec nos guides experts. R\u00e9servez ici !\" \/>\n<meta name=\"robots\" content=\"index, follow, max-snippet:-1, max-image-preview:large, max-video-preview:-1\" \/>\n<link rel=\"canonical\" href=\"https:\/\/x-tremetourbulencia.com\/landing\/fr\/\" \/>\n<meta property=\"og:locale\" content=\"en_US\" \/>\n<meta property=\"og:type\" content=\"article\" \/>\n<meta property=\"og:title\" content=\"Circuits au P\u00e9rou et Randonn\u00e9e Machu Picchu - Landing Xtreme Tourbulencia\" \/>\n<meta property=\"og:description\" content=\"D\u00e9couvrez nos circuits au P\u00e9rou et l&#039;inoubliable randonn\u00e9e au Machu Picchu. Chemin Inca, Salkantay et culture locale avec nos guides experts. R\u00e9servez ici !\" \/>\n<meta property=\"og:url\" content=\"https:\/\/x-tremetourbulencia.com\/landing\/fr\/\" \/>\n<meta property=\"og:site_name\" content=\"Landing Xtreme Tourbulencia\" \/>\n<meta property=\"article:publisher\" content=\"https:\/\/www.facebook.com\/XtremeTourbulenciaTravelAgency\" \/>\n<meta property=\"article:modified_time\" content=\"2026-01-02T15:02:37+00:00\" \/>\n<meta property=\"og:image\" content=\"http:\/\/localhost\/landing\/wp-content\/uploads\/2021\/11\/service-1.jpg\" \/>\n<meta name=\"twitter:card\" content=\"summary_large_image\" \/>\n<meta name=\"twitter:label1\" content=\"Est. reading time\" \/>\n\t<meta name=\"twitter:data1\" content=\"3 minutes\" \/>\n<script type=\"application\/ld+json\" class=\"yoast-schema-graph\">{\"@context\":\"https:\\\/\\\/schema.org\",\"@graph\":[{\"@type\":\"WebPage\",\"@id\":\"https:\\\/\\\/x-tremetourbulencia.com\\\/landing\\\/fr\\\/\",\"url\":\"https:\\\/\\\/x-tremetourbulencia.com\\\/landing\\\/fr\\\/\",\"name\":\"Circuits au P\u00e9rou et Randonn\u00e9e Machu Picchu - Landing Xtreme Tourbulencia\",\"isPartOf\":{\"@id\":\"https:\\\/\\\/x-tremetourbulencia.com\\\/landing\\\/#website\"},\"primaryImageOfPage\":{\"@id\":\"https:\\\/\\\/x-tremetourbulencia.com\\\/landing\\\/fr\\\/#primaryimage\"},\"image\":{\"@id\":\"https:\\\/\\\/x-tremetourbulencia.com\\\/landing\\\/fr\\\/#primaryimage\"},\"thumbnailUrl\":\"http:\\\/\\\/localhost\\\/landing\\\/wp-content\\\/uploads\\\/2021\\\/11\\\/service-1.jpg\",\"datePublished\":\"2025-12-03T16:26:20+00:00\",\"dateModified\":\"2026-01-02T15:02:37+00:00\",\"description\":\"D\u00e9couvrez nos circuits au P\u00e9rou et l'inoubliable randonn\u00e9e au Machu Picchu. Chemin Inca, Salkantay et culture locale avec nos guides experts. R\u00e9servez ici !\",\"breadcrumb\":{\"@id\":\"https:\\\/\\\/x-tremetourbulencia.com\\\/landing\\\/fr\\\/#breadcrumb\"},\"inLanguage\":\"en-US\",\"potentialAction\":[{\"@type\":\"ReadAction\",\"target\":[\"https:\\\/\\\/x-tremetourbulencia.com\\\/landing\\\/fr\\\/\"]}]},{\"@type\":\"ImageObject\",\"inLanguage\":\"en-US\",\"@id\":\"https:\\\/\\\/x-tremetourbulencia.com\\\/landing\\\/fr\\\/#primaryimage\",\"url\":\"http:\\\/\\\/localhost\\\/landing\\\/wp-content\\\/uploads\\\/2021\\\/11\\\/service-1.jpg\",\"contentUrl\":\"http:\\\/\\\/localhost\\\/landing\\\/wp-content\\\/uploads\\\/2021\\\/11\\\/service-1.jpg\"},{\"@type\":\"BreadcrumbList\",\"@id\":\"https:\\\/\\\/x-tremetourbulencia.com\\\/landing\\\/fr\\\/#breadcrumb\",\"itemListElement\":[{\"@type\":\"ListItem\",\"position\":1,\"name\":\"Home\",\"item\":\"https:\\\/\\\/x-tremetourbulencia.com\\\/landing\\\/\"},{\"@type\":\"ListItem\",\"position\":2,\"name\":\"Accueil\"}]},{\"@type\":\"WebSite\",\"@id\":\"https:\\\/\\\/x-tremetourbulencia.com\\\/landing\\\/#website\",\"url\":\"https:\\\/\\\/x-tremetourbulencia.com\\\/landing\\\/\",\"name\":\"Landing Xtreme Tourbulencia\",\"description\":\"Machu Picchu Hiking Peru\",\"publisher\":{\"@id\":\"https:\\\/\\\/x-tremetourbulencia.com\\\/landing\\\/#organization\"},\"alternateName\":\"Group Tourbulencia\",\"potentialAction\":[{\"@type\":\"SearchAction\",\"target\":{\"@type\":\"EntryPoint\",\"urlTemplate\":\"https:\\\/\\\/x-tremetourbulencia.com\\\/landing\\\/?s={search_term_string}\"},\"query-input\":{\"@type\":\"PropertyValueSpecification\",\"valueRequired\":true,\"valueName\":\"search_term_string\"}}],\"inLanguage\":\"en-US\"},{\"@type\":\"Organization\",\"@id\":\"https:\\\/\\\/x-tremetourbulencia.com\\\/landing\\\/#organization\",\"name\":\"Landing Xtreme Tourbuelncia\",\"alternateName\":\"Grupo Xtreme Tourbulencia\",\"url\":\"https:\\\/\\\/x-tremetourbulencia.com\\\/landing\\\/\",\"logo\":{\"@type\":\"ImageObject\",\"inLanguage\":\"en-US\",\"@id\":\"https:\\\/\\\/x-tremetourbulencia.com\\\/landing\\\/#\\\/schema\\\/logo\\\/image\\\/\",\"url\":\"https:\\\/\\\/x-tremetourbulencia.com\\\/landing\\\/wp-content\\\/uploads\\\/2025\\\/12\\\/logo.png\",\"contentUrl\":\"https:\\\/\\\/x-tremetourbulencia.com\\\/landing\\\/wp-content\\\/uploads\\\/2025\\\/12\\\/logo.png\",\"width\":600,\"height\":214,\"caption\":\"Landing Xtreme Tourbuelncia\"},\"image\":{\"@id\":\"https:\\\/\\\/x-tremetourbulencia.com\\\/landing\\\/#\\\/schema\\\/logo\\\/image\\\/\"},\"sameAs\":[\"https:\\\/\\\/www.facebook.com\\\/XtremeTourbulenciaTravelAgency\",\"https:\\\/\\\/www.instagram.com\\\/xtremetourbulenciaperu\\\/\",\"https:\\\/\\\/www.tripadvisor.com.pe\\\/Attraction_Review-g294314-d7248853-Reviews-Xtreme_Tourbulencia-Cusco_Cusco_Region.html\",\"https:\\\/\\\/www.tiktok.com\\\/@xtreme_tourbulencia\",\"https:\\\/\\\/www.youtube.com\\\/channel\\\/UC0_CeNiNjaX-YHT3kfavMKw\"]}]}<\/script>\n<!-- \/ Yoast SEO plugin. -->","yoast_head_json":{"title":"Circuits au P\u00e9rou et Randonn\u00e9e Machu Picchu - Landing Xtreme Tourbulencia","description":"D\u00e9couvrez nos circuits au P\u00e9rou et l'inoubliable randonn\u00e9e au Machu Picchu. Chemin Inca, Salkantay et culture locale avec nos guides experts. R\u00e9servez ici !","robots":{"index":"index","follow":"follow","max-snippet":"max-snippet:-1","max-image-preview":"max-image-preview:large","max-video-preview":"max-video-preview:-1"},"canonical":"https:\/\/x-tremetourbulencia.com\/landing\/fr\/","og_locale":"en_US","og_type":"article","og_title":"Circuits au P\u00e9rou et Randonn\u00e9e Machu Picchu - Landing Xtreme Tourbulencia","og_description":"D\u00e9couvrez nos circuits au P\u00e9rou et l'inoubliable randonn\u00e9e au Machu Picchu. Chemin Inca, Salkantay et culture locale avec nos guides experts. R\u00e9servez ici !","og_url":"https:\/\/x-tremetourbulencia.com\/landing\/fr\/","og_site_name":"Landing Xtreme Tourbulencia","article_publisher":"https:\/\/www.facebook.com\/XtremeTourbulenciaTravelAgency","article_modified_time":"2026-01-02T15:02:37+00:00","og_image":[{"url":"http:\/\/localhost\/landing\/wp-content\/uploads\/2021\/11\/service-1.jpg","type":"","width":"","height":""}],"twitter_card":"summary_large_image","twitter_misc":{"Est. reading time":"3 minutes"},"schema":{"@context":"https:\/\/schema.org","@graph":[{"@type":"WebPage","@id":"https:\/\/x-tremetourbulencia.com\/landing\/fr\/","url":"https:\/\/x-tremetourbulencia.com\/landing\/fr\/","name":"Circuits au P\u00e9rou et Randonn\u00e9e Machu Picchu - Landing Xtreme Tourbulencia","isPartOf":{"@id":"https:\/\/x-tremetourbulencia.com\/landing\/#website"},"primaryImageOfPage":{"@id":"https:\/\/x-tremetourbulencia.com\/landing\/fr\/#primaryimage"},"image":{"@id":"https:\/\/x-tremetourbulencia.com\/landing\/fr\/#primaryimage"},"thumbnailUrl":"http:\/\/localhost\/landing\/wp-content\/uploads\/2021\/11\/service-1.jpg","datePublished":"2025-12-03T16:26:20+00:00","dateModified":"2026-01-02T15:02:37+00:00","description":"D\u00e9couvrez nos circuits au P\u00e9rou et l'inoubliable randonn\u00e9e au Machu Picchu. Chemin Inca, Salkantay et culture locale avec nos guides experts. R\u00e9servez ici !","breadcrumb":{"@id":"https:\/\/x-tremetourbulencia.com\/landing\/fr\/#breadcrumb"},"inLanguage":"en-US","potentialAction":[{"@type":"ReadAction","target":["https:\/\/x-tremetourbulencia.com\/landing\/fr\/"]}]},{"@type":"ImageObject","inLanguage":"en-US","@id":"https:\/\/x-tremetourbulencia.com\/landing\/fr\/#primaryimage","url":"http:\/\/localhost\/landing\/wp-content\/uploads\/2021\/11\/service-1.jpg","contentUrl":"http:\/\/localhost\/landing\/wp-content\/uploads\/2021\/11\/service-1.jpg"},{"@type":"BreadcrumbList","@id":"https:\/\/x-tremetourbulencia.com\/landing\/fr\/#breadcrumb","itemListElement":[{"@type":"ListItem","position":1,"name":"Home","item":"https:\/\/x-tremetourbulencia.com\/landing\/"},{"@type":"ListItem","position":2,"name":"Accueil"}]},{"@type":"WebSite","@id":"https:\/\/x-tremetourbulencia.com\/landing\/#website","url":"https:\/\/x-tremetourbulencia.com\/landing\/","name":"Landing Xtreme Tourbulencia","description":"Machu Picchu Hiking Peru","publisher":{"@id":"https:\/\/x-tremetourbulencia.com\/landing\/#organization"},"alternateName":"Group Tourbulencia","potentialAction":[{"@type":"SearchAction","target":{"@type":"EntryPoint","urlTemplate":"https:\/\/x-tremetourbulencia.com\/landing\/?s={search_term_string}"},"query-input":{"@type":"PropertyValueSpecification","valueRequired":true,"valueName":"search_term_string"}}],"inLanguage":"en-US"},{"@type":"Organization","@id":"https:\/\/x-tremetourbulencia.com\/landing\/#organization","name":"Landing Xtreme Tourbuelncia","alternateName":"Grupo Xtreme Tourbulencia","url":"https:\/\/x-tremetourbulencia.com\/landing\/","logo":{"@type":"ImageObject","inLanguage":"en-US","@id":"https:\/\/x-tremetourbulencia.com\/landing\/#\/schema\/logo\/image\/","url":"https:\/\/x-tremetourbulencia.com\/landing\/wp-content\/uploads\/2025\/12\/logo.png","contentUrl":"https:\/\/x-tremetourbulencia.com\/landing\/wp-content\/uploads\/2025\/12\/logo.png","width":600,"height":214,"caption":"Landing Xtreme Tourbuelncia"},"image":{"@id":"https:\/\/x-tremetourbulencia.com\/landing\/#\/schema\/logo\/image\/"},"sameAs":["https:\/\/www.facebook.com\/XtremeTourbulenciaTravelAgency","https:\/\/www.instagram.com\/xtremetourbulenciaperu\/","https:\/\/www.tripadvisor.com.pe\/Attraction_Review-g294314-d7248853-Reviews-Xtreme_Tourbulencia-Cusco_Cusco_Region.html","https:\/\/www.tiktok.com\/@xtreme_tourbulencia","https:\/\/www.youtube.com\/channel\/UC0_CeNiNjaX-YHT3kfavMKw"]}]}},"uagb_featured_image_src":{"full":false,"thumbnail":false,"medium":false,"medium_large":false,"large":false,"1536x1536":false,"2048x2048":false},"uagb_author_info":{"display_name":"admin-landing","author_link":"https:\/\/x-tremetourbulencia.com\/landing\/author\/admin-landing\/"},"uagb_comment_info":0,"uagb_excerpt":"Nos Services Conception Web Concentrez-vous sur la fa\u00e7on dont vous pouvez aider et b\u00e9n\u00e9ficier \u00e0 votre utilisateur. Utilisez des mots [&hellip;]","_links":{"self":[{"href":"https:\/\/x-tremetourbulencia.com\/landing\/wp-json\/wp\/v2\/pages\/18553","targetHints":{"allow":["GET"]}}],"collection":[{"href":"https:\/\/x-tremetourbulencia.com\/landing\/wp-json\/wp\/v2\/pages"}],"about":[{"href":"https:\/\/x-tremetourbulencia.com\/landing\/wp-json\/wp\/v2\/types\/page"}],"author":[{"embeddable":true,"href":"https:\/\/x-tremetourbulencia.com\/landing\/wp-json\/wp\/v2\/users\/1"}],"replies":[{"embeddable":true,"href":"https:\/\/x-tremetourbulencia.com\/landing\/wp-json\/wp\/v2\/comments?post=18553"}],"version-history":[{"count":4,"href":"https:\/\/x-tremetourbulencia.com\/landing\/wp-json\/wp\/v2\/pages\/18553\/revisions"}],"predecessor-version":[{"id":18813,"href":"https:\/\/x-tremetourbulencia.com\/landing\/wp-json\/wp\/v2\/pages\/18553\/revisions\/18813"}],"wp:attachment":[{"href":"https:\/\/x-tremetourbulencia.com\/landing\/wp-json\/wp\/v2\/media?parent=18553"}],"curies":[{"name":"wp","href":"https:\/\/api.w.org\/{rel}","templated":true}]}}